{"id":279,"date":"2017-10-28T18:29:04","date_gmt":"2017-10-28T20:29:04","guid":{"rendered":"http:\/\/ricardobotelho.com.br\/?page_id=279"},"modified":"2017-11-16T21:25:48","modified_gmt":"2017-11-16T23:25:48","slug":"palestras-e-seminarios","status":"publish","type":"page","link":"https:\/\/ricardobotelho.com.br\/?page_id=279","title":{"rendered":"Palestras e Semin\u00e1rios"},"content":{"rendered":"\t\t<div data-elementor-type=\"wp-page\" data-elementor-id=\"279\" class=\"elementor elementor-279 elementor-bc-flex-widget\">\n\t\t\t\t\t\t<section class=\"elementor-section elementor-top-section elementor-element elementor-element-v04pzng elementor-section-boxed elementor-section-height-default elementor-section-height-default\" data-id=\"v04pzng\" data-element_type=\"section\" id=\"palestraseseminarios\">\n\t\t\t\t\t\t<div class=\"elementor-container elementor-column-gap-default\">\n\t\t\t\t\t<div class=\"elementor-column elementor-col-100 elementor-top-column elementor-element elementor-element-7w6o5ad\" data-id=\"7w6o5ad\" data-element_type=\"column\">\n\t\t\t<div class=\"elementor-widget-wrap elementor-element-populated\">\n\t\t\t\t\t\t<section class=\"elementor-section elementor-inner-section elementor-element elementor-element-ngm9sz4 elementor-section-boxed elementor-section-height-default elementor-section-height-default\" data-id=\"ngm9sz4\" data-element_type=\"section\">\n\t\t\t\t\t\t<div class=\"elementor-container elementor-column-gap-default\">\n\t\t\t\t\t<div class=\"elementor-column elementor-col-50 elementor-inner-column elementor-element elementor-element-j0kv7yl\" data-id=\"j0kv7yl\" data-element_type=\"column\">\n\t\t\t<div class=\"elementor-widget-wrap elementor-element-populated\">\n\t\t\t\t\t\t<div class=\"elementor-element elementor-element-omkfby2 elementor-widget elementor-widget-text-editor\" data-id=\"omkfby2\" data-element_type=\"widget\" data-widget_type=\"text-editor.default\">\n\t\t\t\t<div class=\"elementor-widget-container\">\n\t\t\t\t\t\t\t<img decoding=\"async\" class=\"img-fluid d-block mx-auto alignnone wp-image-258 size-full\" src=\"https:\/\/ricardobotelho.com.br\/wp-content\/uploads\/2017\/10\/ico-palestras-gde.png\" alt=\"\" width=\"140\" height=\"140\" \/>\n<div class=\"d-block mx-auto\">\n<ul class=\"list-inline\">\n \t<li class=\"list-inline-item linha-divisoria\"><a href=\"https:\/\/ricardobotelho.com.br\/?page_id=327\"><img decoding=\"async\" class=\"img-fluid alignnone wp-image-259 size-full\" src=\"https:\/\/ricardobotelho.com.br\/wp-content\/uploads\/2017\/10\/ico-engrenagens.png\" alt=\"\" width=\"67\" height=\"60\" \/><\/a><\/li>\n \t<li class=\"list-inline-item\"><a href=\"https:\/\/ricardobotelho.com.br\/?page_id=255\"><img decoding=\"async\" class=\"img-fluid alignnone wp-image-260 size-full\" src=\"https:\/\/ricardobotelho.com.br\/wp-content\/uploads\/2017\/10\/ico-lampada.png\" alt=\"\" width=\"67\" height=\"60\" \/><\/a><\/li>\n<\/ul>\n<\/div>\t\t\t\t\t\t<\/div>\n\t\t\t\t<\/div>\n\t\t\t\t\t<\/div>\n\t\t<\/div>\n\t\t\t\t<div class=\"elementor-column elementor-col-50 elementor-inner-column elementor-element elementor-element-e6x3bwn\" data-id=\"e6x3bwn\" data-element_type=\"column\">\n\t\t\t<div class=\"elementor-widget-wrap elementor-element-populated\">\n\t\t\t\t\t\t<div class=\"elementor-element elementor-element-xnwrcmp elementor-widget elementor-widget-text-editor\" data-id=\"xnwrcmp\" data-element_type=\"widget\" data-widget_type=\"text-editor.default\">\n\t\t\t\t<div class=\"elementor-widget-container\">\n\t\t\t\t\t\t\t&nbsp;\n<h2 class=\"f24 light cl-branco\">PALESTRAS E SEMIN\u00c1RIOS<\/h2>\n<p class=\"cl-branco f14 light\">A Ricardo Botelho Marketing organiza e ministra palestras, semin\u00e1rios e conven\u00e7\u00f5es de venda para ind\u00fastrias e empresas varejistas. Ricardo J. Botelho \u00e9, tamb\u00e9m, palestrante frequente para Arquitetos, Gestores de Varejo e Vendedores<\/p>\n\n<div class=\"divisoria-pontilhada-azul pt-3 pb-3\"><\/div>\n<h3 class=\"f18 light cl-azul-escuro\">CONTE\u00daDOS ESPEC\u00cdFICOS<\/h3>\n<ul id=\"menu-palestras\" class=\"nav flex-column\">\n \t<li class=\"nav-item\"><a class=\"nav-link ps2id f14 strong cl-branco\" href=\"#gestoresdevarejo\">GESTORES DE VAREJO E EQUIPES DE VENDA<\/a>\n<div class=\"div-hr\"><\/div><\/li>\n \t<li class=\"nav-item\"><a class=\"nav-link ps2id f14 strong cl-branco\" href=\"#arquitetosedesigners\">ARQUITETOS E DESIGNERS DE INTERIORES<\/a><\/li>\n<\/ul>\n<section id=\"gestoresdevarejo\">\n<div class=\"container\">\n<div class=\"divisoria-pontilhada-azul pb-1\"><\/div>\n<div class=\"row\">\n<div class=\"col pt-3\">\n<h3 class=\"f18 light cl-azul-escuro pb-3\">GESTORES DE VAREJO E EQUIPES DE VENDA<\/h3>\n<p class=\"f14 strong cl-branco\">AMPLIE SUAS VENDAS! ORGANIZA\u00c7\u00c3O DE VENDAS PARA CAPTAR E CONVERTER MAIS NEG\u00d3CIOS<\/p>\n<a href=\"https:\/\/ricardobotelho.com.br\/?page_id=291\"><img loading=\"lazy\" decoding=\"async\" class=\"img-fluid d-block mx-auto aligncenter wp-image-282 size-full\" src=\"https:\/\/ricardobotelho.com.br\/wp-content\/uploads\/2017\/10\/capa-palestra-01.png\" alt=\"\" width=\"745\" height=\"165\" srcset=\"https:\/\/ricardobotelho.com.br\/wp-content\/uploads\/2017\/10\/capa-palestra-01.png 745w, https:\/\/ricardobotelho.com.br\/wp-content\/uploads\/2017\/10\/capa-palestra-01-300x66.png 300w, https:\/\/ricardobotelho.com.br\/wp-content\/uploads\/2017\/10\/capa-palestra-01-500x111.png 500w\" sizes=\"(max-width: 745px) 100vw, 745px\" \/><\/a>\n\n<\/div>\n<\/div>\n<div class=\"divisoria-pontilhada-azul pt-3 pb-3\"><\/div>\n<div class=\"row\">\n<div class=\"col\">\n<p class=\"f14 strong cl-branco\">QUAL O PERFIL DE SUCESSO DO VENDEDOR DE PRODUTOS PARA REFORMA E DECORA\u00c7\u00c3O<\/p>\n<a href=\"https:\/\/ricardobotelho.com.br\/?page_id=302\"><img loading=\"lazy\" decoding=\"async\" class=\"img-fluid d-block mx-auto aligncenter wp-image-283 size-full\" src=\"https:\/\/ricardobotelho.com.br\/wp-content\/uploads\/2017\/10\/capa-palestra-02.png\" alt=\"\" width=\"745\" height=\"165\" srcset=\"https:\/\/ricardobotelho.com.br\/wp-content\/uploads\/2017\/10\/capa-palestra-02.png 745w, https:\/\/ricardobotelho.com.br\/wp-content\/uploads\/2017\/10\/capa-palestra-02-300x66.png 300w, https:\/\/ricardobotelho.com.br\/wp-content\/uploads\/2017\/10\/capa-palestra-02-500x111.png 500w\" sizes=\"(max-width: 745px) 100vw, 745px\" \/><\/a>\n\n<\/div>\n<\/div>\n<div class=\"divisoria-pontilhada-azul pt-3 pb-3\"><\/div>\n<div class=\"row\">\n<div class=\"col\">\n<p class=\"f14 strong cl-branco\">COMO CONSTRUIR RELA\u00c7\u00d5ES COM ESPECIFICADORES E CONVERTER EM VENDAS<\/p>\n<a href=\"https:\/\/ricardobotelho.com.br\/?page_id=309\"><img loading=\"lazy\" decoding=\"async\" class=\"img-fluid d-block mx-auto aligncenter wp-image-284 size-full\" src=\"https:\/\/ricardobotelho.com.br\/wp-content\/uploads\/2017\/10\/capa-palestra-03.png\" alt=\"\" width=\"745\" height=\"165\" srcset=\"https:\/\/ricardobotelho.com.br\/wp-content\/uploads\/2017\/10\/capa-palestra-03.png 745w, https:\/\/ricardobotelho.com.br\/wp-content\/uploads\/2017\/10\/capa-palestra-03-300x66.png 300w, https:\/\/ricardobotelho.com.br\/wp-content\/uploads\/2017\/10\/capa-palestra-03-500x111.png 500w\" sizes=\"(max-width: 745px) 100vw, 745px\" \/><\/a>\n\n<\/div>\n<\/div>\n<\/div>\n<\/section><section id=\"arquitetosedesigners\">\n<div class=\"container\">\n<div class=\"divisoria-pontilhada-azul pt-4 pb-3\"><\/div>\n<div class=\"row\">\n<div class=\"col\">\n<h3 class=\"f18 light cl-azul-escuro pb-3\">ARQUITETOS E DESIGNER DE INTERIORES<\/h3>\n<p class=\"f14 strong cl-branco\">PLANO DE MARKETING! AMPLIE SEU HORIZONTE PROFISSIONAL<\/p>\n<a href=\"https:\/\/ricardobotelho.com.br\/?page_id=313\"><img loading=\"lazy\" decoding=\"async\" class=\"img-fluid d-block mx-auto aligncenter wp-image-285 size-full\" src=\"https:\/\/ricardobotelho.com.br\/wp-content\/uploads\/2017\/10\/capa-palestra-04.png\" alt=\"\" width=\"745\" height=\"165\" srcset=\"https:\/\/ricardobotelho.com.br\/wp-content\/uploads\/2017\/10\/capa-palestra-04.png 745w, https:\/\/ricardobotelho.com.br\/wp-content\/uploads\/2017\/10\/capa-palestra-04-300x66.png 300w, https:\/\/ricardobotelho.com.br\/wp-content\/uploads\/2017\/10\/capa-palestra-04-500x111.png 500w\" sizes=\"(max-width: 745px) 100vw, 745px\" \/><\/a>\n\n<\/div>\n<\/div>\n<div class=\"divisoria-pontilhada-azul pt-3 pb-3\"><\/div>\n<div class=\"row\">\n<div class=\"col\">\n<p class=\"f14 strong cl-branco\">VENDA! PARA ALAVANCAR SEU NEG\u00d3CIO<\/p>\n<a href=\"https:\/\/ricardobotelho.com.br\/?page_id=317\"><img loading=\"lazy\" decoding=\"async\" class=\"img-fluid d-block mx-auto aligncenter wp-image-286 size-full\" src=\"https:\/\/ricardobotelho.com.br\/wp-content\/uploads\/2017\/10\/capa-palestra-05.png\" alt=\"\" width=\"745\" height=\"165\" srcset=\"https:\/\/ricardobotelho.com.br\/wp-content\/uploads\/2017\/10\/capa-palestra-05.png 745w, https:\/\/ricardobotelho.com.br\/wp-content\/uploads\/2017\/10\/capa-palestra-05-300x66.png 300w, https:\/\/ricardobotelho.com.br\/wp-content\/uploads\/2017\/10\/capa-palestra-05-500x111.png 500w\" sizes=\"(max-width: 745px) 100vw, 745px\" \/><\/a>\n\n<\/div>\n<\/div>\n<div class=\"divisoria-pontilhada-azul pt-3 pb-3\"><\/div>\n<div class=\"row\">\n<div class=\"col\">\n<p class=\"f14 strong cl-branco\">SOCORRO! MEU CLIENTE N\u00c3O DECIDE<\/p>\n<a href=\"https:\/\/ricardobotelho.com.br\/?page_id=320\"><img loading=\"lazy\" decoding=\"async\" class=\"img-fluid d-block mx-auto aligncenter wp-image-287 size-full\" src=\"https:\/\/ricardobotelho.com.br\/wp-content\/uploads\/2017\/10\/capa-palestra-06.png\" alt=\"\" width=\"745\" height=\"165\" srcset=\"https:\/\/ricardobotelho.com.br\/wp-content\/uploads\/2017\/10\/capa-palestra-06.png 745w, https:\/\/ricardobotelho.com.br\/wp-content\/uploads\/2017\/10\/capa-palestra-06-300x66.png 300w, https:\/\/ricardobotelho.com.br\/wp-content\/uploads\/2017\/10\/capa-palestra-06-500x111.png 500w\" sizes=\"(max-width: 745px) 100vw, 745px\" \/><\/a>\n\n<\/div>\n<\/div>\n<\/div>\n<\/section>\t\t\t\t\t\t<\/div>\n\t\t\t\t<\/div>\n\t\t\t\t\t<\/div>\n\t\t<\/div>\n\t\t\t\t\t<\/div>\n\t\t<\/section>\n\t\t\t\t\t<\/div>\n\t\t<\/div>\n\t\t\t\t\t<\/div>\n\t\t<\/section>\n\t\t\t\t<section class=\"elementor-section elementor-top-section elementor-element elementor-element-y4bezvg elementor-section-boxed elementor-section-height-default elementor-section-height-default\" data-id=\"y4bezvg\" data-element_type=\"section\" id=\"solicitarcontato\">\n\t\t\t\t\t\t<div class=\"elementor-container elementor-column-gap-default\">\n\t\t\t\t\t<div class=\"elementor-column elementor-col-100 elementor-top-column elementor-element elementor-element-rnwhwt2\" data-id=\"rnwhwt2\" data-element_type=\"column\" id=\"solicitarcontato\">\n\t\t\t<div class=\"elementor-widget-wrap elementor-element-populated\">\n\t\t\t\t\t\t<div class=\"elementor-element elementor-element-z2cnmsi elementor-widget elementor-widget-text-editor\" data-id=\"z2cnmsi\" data-element_type=\"widget\" data-widget_type=\"text-editor.default\">\n\t\t\t\t<div class=\"elementor-widget-container\">\n\t\t\t\t\t\t\t<a href=\"index.php#contato\"><img loading=\"lazy\" decoding=\"async\" src=\"https:\/\/ricardobotelho.com.br\/sitewp\/wp-content\/uploads\/2017\/10\/bt-solicitar.png\" alt=\"\" width=\"460\" height=\"33\" class=\"img-fluid rounded mx-auto d-block pt-5 pb-5 aligncenter size-full wp-image-272\" srcset=\"https:\/\/ricardobotelho.com.br\/wp-content\/uploads\/2017\/10\/bt-solicitar.png 460w, https:\/\/ricardobotelho.com.br\/wp-content\/uploads\/2017\/10\/bt-solicitar-300x22.png 300w\" sizes=\"(max-width: 460px) 100vw, 460px\" \/><\/a>\t\t\t\t\t\t<\/div>\n\t\t\t\t<\/div>\n\t\t\t\t\t<\/div>\n\t\t<\/div>\n\t\t\t\t\t<\/div>\n\t\t<\/section>\n\t\t\t\t<\/div>\n\t\t","protected":false},"excerpt":{"rendered":"<p>&nbsp; PALESTRAS E SEMIN\u00c1RIOS A Ricardo Botelho Marketing organiza e ministra palestras, semin\u00e1rios e conven\u00e7\u00f5es de venda para ind\u00fastrias e empresas varejistas. Ricardo J. Botelho \u00e9, tamb\u00e9m, palestrante frequente para Arquitetos, Gestores de Varejo e Vendedores CONTE\u00daDOS ESPEC\u00cdFICOS GESTORES DE VAREJO E EQUIPES DE VENDA ARQUITETOS E DESIGNERS DE INTERIORES GESTORES DE VAREJO E EQUIPES [&hellip;]<\/p>\n","protected":false},"author":1,"featured_media":0,"parent":0,"menu_order":0,"comment_status":"closed","ping_status":"closed","template":"","meta":{"footnotes":""},"_links":{"self":[{"href":"https:\/\/ricardobotelho.com.br\/index.php?rest_route=\/wp\/v2\/pages\/279"}],"collection":[{"href":"https:\/\/ricardobotelho.com.br\/index.php?rest_route=\/wp\/v2\/pages"}],"about":[{"href":"https:\/\/ricardobotelho.com.br\/index.php?rest_route=\/wp\/v2\/types\/page"}],"author":[{"embeddable":true,"href":"https:\/\/ricardobotelho.com.br\/index.php?rest_route=\/wp\/v2\/users\/1"}],"replies":[{"embeddable":true,"href":"https:\/\/ricardobotelho.com.br\/index.php?rest_route=%2Fwp%2Fv2%2Fcomments&post=279"}],"version-history":[{"count":10,"href":"https:\/\/ricardobotelho.com.br\/index.php?rest_route=\/wp\/v2\/pages\/279\/revisions"}],"predecessor-version":[{"id":503,"href":"https:\/\/ricardobotelho.com.br\/index.php?rest_route=\/wp\/v2\/pages\/279\/revisions\/503"}],"wp:attachment":[{"href":"https:\/\/ricardobotelho.com.br\/index.php?rest_route=%2Fwp%2Fv2%2Fmedia&parent=279"}],"curies":[{"name":"wp","href":"https:\/\/api.w.org\/{rel}","templated":true}]}}