{"id":313,"date":"2017-10-30T16:32:28","date_gmt":"2017-10-30T18:32:28","guid":{"rendered":"http:\/\/ricardobotelho.com.br\/?page_id=313"},"modified":"2017-11-16T21:32:01","modified_gmt":"2017-11-16T23:32:01","slug":"plano-de-marketing-amplie-seu-horizonte-profissional","status":"publish","type":"page","link":"https:\/\/ricardobotelho.com.br\/?page_id=313","title":{"rendered":"PLANO DE MARKETING! AMPLIE SEU HORIZONTE PROFISSIONAL"},"content":{"rendered":"\t\t<div data-elementor-type=\"wp-page\" data-elementor-id=\"313\" class=\"elementor elementor-313 elementor-bc-flex-widget\">\n\t\t\t\t\t\t<section class=\"elementor-section elementor-top-section elementor-element elementor-element-bq2ij3n elementor-section-boxed elementor-section-height-default elementor-section-height-default\" data-id=\"bq2ij3n\" data-element_type=\"section\" id=\"intpalestras\">\n\t\t\t\t\t\t<div class=\"elementor-container elementor-column-gap-default\">\n\t\t\t\t\t<div class=\"elementor-column elementor-col-100 elementor-top-column elementor-element elementor-element-t1ijrb4\" data-id=\"t1ijrb4\" data-element_type=\"column\">\n\t\t\t<div class=\"elementor-widget-wrap elementor-element-populated\">\n\t\t\t\t\t\t<div class=\"elementor-element elementor-element-h7xp746 elementor-widget elementor-widget-text-editor\" data-id=\"h7xp746\" data-element_type=\"widget\" data-widget_type=\"text-editor.default\">\n\t\t\t\t<div class=\"elementor-widget-container\">\n\t\t\t\t\t\t\t<h2 class=\"f24 light cl-branco\"><img decoding=\"async\" class=\"float-left img-fluid alignleft size-full wp-image-258 ml-1 mr-3\" src=\"https:\/\/ricardobotelho.com.br\/wp-content\/uploads\/2017\/10\/ico-palestras-gde.png\" alt=\"\" width=\"140\" height=\"140\" \/><\/h2>\n<p class=\"pt-4 f24 light cl-branco\">PALESTRAS E SEMIN\u00c1RIOS<\/p>\n<span class=\"f18 light cl-azul-escuro\">ARQUITETOS E DESIGNER DE INTERIORES<\/span>\t\t\t\t\t\t<\/div>\n\t\t\t\t<\/div>\n\t\t\t\t\t<\/div>\n\t\t<\/div>\n\t\t\t\t\t<\/div>\n\t\t<\/section>\n\t\t\t\t<section class=\"elementor-section elementor-top-section elementor-element elementor-element-e6f3tse elementor-section-boxed elementor-section-height-default elementor-section-height-default\" data-id=\"e6f3tse\" data-element_type=\"section\">\n\t\t\t\t\t\t<div class=\"elementor-container elementor-column-gap-default\">\n\t\t\t\t\t<div class=\"elementor-column elementor-col-100 elementor-top-column elementor-element elementor-element-se9v31s\" data-id=\"se9v31s\" data-element_type=\"column\">\n\t\t\t<div class=\"elementor-widget-wrap elementor-element-populated\">\n\t\t\t\t\t\t<section class=\"elementor-section elementor-inner-section elementor-element elementor-element-uc7dw9u elementor-section-boxed elementor-section-height-default elementor-section-height-default\" data-id=\"uc7dw9u\" data-element_type=\"section\">\n\t\t\t\t\t\t<div class=\"elementor-container elementor-column-gap-default\">\n\t\t\t\t\t<div class=\"elementor-column elementor-col-100 elementor-inner-column elementor-element elementor-element-09zqvdl\" data-id=\"09zqvdl\" data-element_type=\"column\">\n\t\t\t<div class=\"elementor-widget-wrap elementor-element-populated\">\n\t\t\t\t\t\t<div class=\"elementor-element elementor-element-9gr4xed pt-4 pb-4 elementor-widget elementor-widget-text-editor\" data-id=\"9gr4xed\" data-element_type=\"widget\" data-widget_type=\"text-editor.default\">\n\t\t\t\t<div class=\"elementor-widget-container\">\n\t\t\t\t\t\t\t<h5 class=\"f14 strong cl-azul-escuro\">PLANO DE MARKETING! AMPLIE SEU HORIZONTE PROFISSIONAL<\/h5>\n<br>\n<p class=\"f18 light cl-cinza\">Lideran\u00e7a e Equipe<\/p>\n\n<ul class=\"lista-topicos\">\n \t<li>Qual perfil de l\u00edder constr\u00f3i um escrit\u00f3rio de sucesso.<\/li>\n \t<li>Como combinar as vis\u00f5es art\u00edstica e empreendedora do neg\u00f3cio<\/li>\n \t<li>Como atrair e reter pessoas para alavancar e sustentar o crescimento.<\/li>\n \t<li>Como lidar com a rotatividade de pessoas criando uma cultura que facilite a atua\u00e7\u00e3o do novo colaborador.<\/li>\n \t<li>Saiba como organizar Manuais de Procedimentos que facilitam a assimila\u00e7\u00e3o de novos colaboradores na realiza\u00e7\u00e3o de tarefas regulares<\/li>\n<\/ul>\n<p class=\"f18 light cl-cinza\">Mercado<\/p>\n\n<ul class=\"lista-topicos\">\n \t<li>Quais segmentos de mercado apresentam as melhores oportunidades de neg\u00f3cios no curto e m\u00e9dio prazo.<\/li>\n \t<li>Que caracter\u00edsticas a sua organiza\u00e7\u00e3o deve ter para atuar em cada um desses mercados.<\/li>\n \t<li>Como cobrar honor\u00e1rios em cada um desses novos segmentos.<\/li>\n \t<li>Como agregar valor (cobrar mais) na atua\u00e7\u00e3o no segmento residencial com forte competi\u00e7\u00e3o.<\/li>\n<\/ul>\n<p class=\"f18 light cl-cinza\">A Organiza\u00e7\u00e3o<\/p>\n\n<ul class=\"lista-topicos\">\n \t<li>Uma reflex\u00e3o sobre a sua atual organiza\u00e7\u00e3o, sua carteira de clientes e as perspectivas futuras.<\/li>\n \t<li>Uma matriz avalia os seus pontos fracos e fortes e define potenciais de melhoria.<\/li>\n \t<li>Como se organizar para crescer e quais frentes (a\u00e7\u00f5es) s\u00e3o priorit\u00e1rias.<\/li>\n \t<li>Como definir Metas e Controlar o seu desempenho.<\/li>\n<\/ul>\n<p class=\"f18 light cl-cinza\">Comunica\u00e7\u00e3o<\/p>\n\n<ul class=\"lista-topicos\">\n \t<li>Como estimular a indica\u00e7\u00e3o de clientes atrav\u00e9s da internet (site, blog, twitter, facebook).<\/li>\n \t<li>Como atuar nessas m\u00eddias on line (detalhes de como organizar um e-mailing list de clientes potenciais, elaborar um blog e atuar nas redes sociais).<\/li>\n \t<li>Como organizar um trabalho de divulga\u00e7\u00e3o em revistas de decora\u00e7\u00e3o e outras m\u00eddias (on line).<\/li>\n \t<li>Como participar e tirar proveito efetivo de mostras de decora\u00e7\u00e3o.<\/li>\n<\/ul>\n<span class=\"f14 strong cl-azul-escuro\"><i>Dura\u00e7\u00e3o: 8 horas<\/i><\/span>\t\t\t\t\t\t<\/div>\n\t\t\t\t<\/div>\n\t\t\t\t\t<\/div>\n\t\t<\/div>\n\t\t\t\t\t<\/div>\n\t\t<\/section>\n\t\t\t\t\t<\/div>\n\t\t<\/div>\n\t\t\t\t\t<\/div>\n\t\t<\/section>\n\t\t\t\t<section class=\"elementor-section elementor-top-section elementor-element elementor-element-5q8l0e7 elementor-section-boxed elementor-section-height-default elementor-section-height-default\" data-id=\"5q8l0e7\" data-element_type=\"section\" id=\"solicitarcontato\">\n\t\t\t\t\t\t<div class=\"elementor-container elementor-column-gap-default\">\n\t\t\t\t\t<div class=\"elementor-column elementor-col-100 elementor-top-column elementor-element elementor-element-iytm7p9\" data-id=\"iytm7p9\" data-element_type=\"column\">\n\t\t\t<div class=\"elementor-widget-wrap elementor-element-populated\">\n\t\t\t\t\t\t<div class=\"elementor-element elementor-element-lgp9rtn elementor-widget elementor-widget-text-editor\" data-id=\"lgp9rtn\" data-element_type=\"widget\" data-widget_type=\"text-editor.default\">\n\t\t\t\t<div class=\"elementor-widget-container\">\n\t\t\t\t\t\t\t<a href=\"index.php#contato\"><img decoding=\"async\" class=\"aligncenter size-full wp-image-272 img-fluid rounded mx-auto d-block pt-5 pb-5\" src=\"https:\/\/ricardobotelho.com.br\/wp-content\/uploads\/2017\/10\/bt-solicitar.png\" alt=\"\" width=\"460\" height=\"33\" srcset=\"https:\/\/ricardobotelho.com.br\/wp-content\/uploads\/2017\/10\/bt-solicitar.png 460w, https:\/\/ricardobotelho.com.br\/wp-content\/uploads\/2017\/10\/bt-solicitar-300x22.png 300w\" sizes=\"(max-width: 460px) 100vw, 460px\" \/><\/a>\t\t\t\t\t\t<\/div>\n\t\t\t\t<\/div>\n\t\t\t\t\t<\/div>\n\t\t<\/div>\n\t\t\t\t\t<\/div>\n\t\t<\/section>\n\t\t\t\t<\/div>\n\t\t","protected":false},"excerpt":{"rendered":"<p>PALESTRAS E SEMIN\u00c1RIOS ARQUITETOS E DESIGNER DE INTERIORES PLANO DE MARKETING! AMPLIE SEU HORIZONTE PROFISSIONAL Lideran\u00e7a e Equipe Qual perfil de l\u00edder constr\u00f3i um escrit\u00f3rio de sucesso. Como combinar as vis\u00f5es art\u00edstica e empreendedora do neg\u00f3cio Como atrair e reter pessoas para alavancar e sustentar o crescimento. Como lidar com a rotatividade de pessoas criando [&hellip;]<\/p>\n","protected":false},"author":1,"featured_media":0,"parent":279,"menu_order":0,"comment_status":"closed","ping_status":"closed","template":"","meta":{"footnotes":""},"_links":{"self":[{"href":"https:\/\/ricardobotelho.com.br\/index.php?rest_route=\/wp\/v2\/pages\/313"}],"collection":[{"href":"https:\/\/ricardobotelho.com.br\/index.php?rest_route=\/wp\/v2\/pages"}],"about":[{"href":"https:\/\/ricardobotelho.com.br\/index.php?rest_route=\/wp\/v2\/types\/page"}],"author":[{"embeddable":true,"href":"https:\/\/ricardobotelho.com.br\/index.php?rest_route=\/wp\/v2\/users\/1"}],"replies":[{"embeddable":true,"href":"https:\/\/ricardobotelho.com.br\/index.php?rest_route=%2Fwp%2Fv2%2Fcomments&post=313"}],"version-history":[{"count":4,"href":"https:\/\/ricardobotelho.com.br\/index.php?rest_route=\/wp\/v2\/pages\/313\/revisions"}],"predecessor-version":[{"id":506,"href":"https:\/\/ricardobotelho.com.br\/index.php?rest_route=\/wp\/v2\/pages\/313\/revisions\/506"}],"up":[{"embeddable":true,"href":"https:\/\/ricardobotelho.com.br\/index.php?rest_route=\/wp\/v2\/pages\/279"}],"wp:attachment":[{"href":"https:\/\/ricardobotelho.com.br\/index.php?rest_route=%2Fwp%2Fv2%2Fmedia&parent=313"}],"curies":[{"name":"wp","href":"https:\/\/api.w.org\/{rel}","templated":true}]}}