{"id":317,"date":"2017-10-30T16:47:08","date_gmt":"2017-10-30T18:47:08","guid":{"rendered":"http:\/\/ricardobotelho.com.br\/?page_id=317"},"modified":"2017-11-16T22:23:48","modified_gmt":"2017-11-17T00:23:48","slug":"venda-para-alavancar-o-seu-negocio","status":"publish","type":"page","link":"https:\/\/ricardobotelho.com.br\/?page_id=317","title":{"rendered":"VENDA! PARA ALAVANCAR O SEU NEG\u00d3CIO"},"content":{"rendered":"\t\t<div data-elementor-type=\"wp-page\" data-elementor-id=\"317\" class=\"elementor elementor-317 elementor-bc-flex-widget\">\n\t\t\t\t\t\t<section class=\"elementor-section elementor-top-section elementor-element elementor-element-503wodx elementor-section-boxed elementor-section-height-default elementor-section-height-default\" data-id=\"503wodx\" data-element_type=\"section\" id=\"intpalestras\">\n\t\t\t\t\t\t<div class=\"elementor-container elementor-column-gap-default\">\n\t\t\t\t\t<div class=\"elementor-column elementor-col-100 elementor-top-column elementor-element elementor-element-12nm73j\" data-id=\"12nm73j\" data-element_type=\"column\">\n\t\t\t<div class=\"elementor-widget-wrap elementor-element-populated\">\n\t\t\t\t\t\t<div class=\"elementor-element elementor-element-nhxa956 elementor-widget elementor-widget-text-editor\" data-id=\"nhxa956\" data-element_type=\"widget\" data-widget_type=\"text-editor.default\">\n\t\t\t\t<div class=\"elementor-widget-container\">\n\t\t\t\t\t\t\t<h2 class=\"f24 light cl-branco\"><img decoding=\"async\" class=\"float-left img-fluid alignleft size-full wp-image-258 ml-1 mr-3\" src=\"https:\/\/ricardobotelho.com.br\/wp-content\/uploads\/2017\/10\/ico-palestras-gde.png\" alt=\"\" width=\"140\" height=\"140\" \/><\/h2>\n<p class=\"pt-4 f24 light cl-branco\">PALESTRAS E SEMIN\u00c1RIOS<\/p>\n<span class=\"f18 light cl-azul-escuro\">ARQUITETOS E DESIGNER DE INTERIORES<\/span>\t\t\t\t\t\t<\/div>\n\t\t\t\t<\/div>\n\t\t\t\t\t<\/div>\n\t\t<\/div>\n\t\t\t\t\t<\/div>\n\t\t<\/section>\n\t\t\t\t<section class=\"elementor-section elementor-top-section elementor-element elementor-element-tjkeafe elementor-section-boxed elementor-section-height-default elementor-section-height-default\" data-id=\"tjkeafe\" data-element_type=\"section\">\n\t\t\t\t\t\t<div class=\"elementor-container elementor-column-gap-default\">\n\t\t\t\t\t<div class=\"elementor-column elementor-col-100 elementor-top-column elementor-element elementor-element-lyk41k4\" data-id=\"lyk41k4\" data-element_type=\"column\">\n\t\t\t<div class=\"elementor-widget-wrap elementor-element-populated\">\n\t\t\t\t\t\t<div class=\"elementor-element elementor-element-kmpcwxu pt-5 pb-5 elementor-widget elementor-widget-text-editor\" data-id=\"kmpcwxu\" data-element_type=\"widget\" data-widget_type=\"text-editor.default\">\n\t\t\t\t<div class=\"elementor-widget-container\">\n\t\t\t\t\t\t\t<h5 class=\"f14 strong cl-azul-escuro\">VENDA! PARA ALAVANCAR O SEU NEG\u00d3CIO<\/h5>\n&nbsp;\n<p class=\"f18 light cl-cinza\">Manh\u00e3: Prepara\u00e7\u00e3o para a venda<\/p>\n\n<ul class=\"lista-topicos\">\n \t<li>O que \u00e9 Pre\u00e7o \u00c2ncora e como mudar a percep\u00e7\u00e3o do Cliente sobre o valor do seu trabalho.<\/li>\n \t<li>Como organizar um Manual de Contrata\u00e7\u00e3o dos Servi\u00e7os de Arquitetura e Design de Interiores para mostrar para o Cliente o que de fato ele est\u00e1 comprando.<\/li>\n \t<li>As Etapas de um Projeto e como definir uma estrat\u00e9gia de cobran\u00e7a de honor\u00e1rios.<\/li>\n \t<li>Edite um Portf\u00f3lio que valorize aspectos associados ao Sonho (desejo) mas que evidencie o pragmatismo da execu\u00e7\u00e3o do projeto.<\/li>\n \t<li>Como elaborar or\u00e7amentos e viabilizar a materializa\u00e7\u00e3o da compra de produtos e servi\u00e7os.<\/li>\n<li>Como organizar todas as suas tarefas e liberar tempo para VENDER (Matriz de Gest\u00e3o de Tempo).<\/li>\n<\/ul>\n<p class=\"f18 light cl-cinza\">Tarde: Habilidades para a venda<\/p>\n\n<ul class=\"lista-topicos\">\n \t<li>Como construir um perfil de vendedor bem sucedido e h\u00e1bil negociador.<\/li>\n \t<li>Como abordar o potencial cliente e vender seu neg\u00f3cio.<\/li>\n \t<li>O cliente disse n\u00e3o: Como lidar\/negociar e chegar ao sim.<\/li>\n \t<li>Conhe\u00e7a seu perfil de negociador de conflitos e quais caracter\u00edsticas s\u00e3o mais adequadas para conduzir o cliente ao sim.<\/li>\n<li>A melhor maneira de apresentar o projeto para o cliente e conduzir para a aprova\u00e7\u00e3o.<\/li>\n<li>Como e onde prospectar clientes.<\/li>\n<li>Como transformar um cliente em indicador de novos clientes.<\/li>\n<li>Como voltar a vender para um cliente depois que ele realizou um projeto.<\/li>\n<\/ul>\n<br>\n<span class=\"f14 strong cl-azul-escuro\"><i>Dura\u00e7\u00e3o: 8 horas<\/i><\/span>\t\t\t\t\t\t<\/div>\n\t\t\t\t<\/div>\n\t\t\t\t\t<\/div>\n\t\t<\/div>\n\t\t\t\t\t<\/div>\n\t\t<\/section>\n\t\t\t\t<section class=\"elementor-section elementor-top-section elementor-element elementor-element-4x7utzn elementor-section-boxed elementor-section-height-default elementor-section-height-default\" data-id=\"4x7utzn\" data-element_type=\"section\" id=\"solicitarcontato\">\n\t\t\t\t\t\t<div class=\"elementor-container elementor-column-gap-default\">\n\t\t\t\t\t<div class=\"elementor-column elementor-col-100 elementor-top-column elementor-element elementor-element-qkr2bpm\" data-id=\"qkr2bpm\" data-element_type=\"column\">\n\t\t\t<div class=\"elementor-widget-wrap elementor-element-populated\">\n\t\t\t\t\t\t<div class=\"elementor-element elementor-element-764iw44 elementor-widget elementor-widget-text-editor\" data-id=\"764iw44\" data-element_type=\"widget\" data-widget_type=\"text-editor.default\">\n\t\t\t\t<div class=\"elementor-widget-container\">\n\t\t\t\t\t\t\t<a href=\"index.php#contato\"><img decoding=\"async\" class=\"img-fluid rounded mx-auto d-block pt-5 pb-5 aligncenter size-full wp-image-272\" src=\"https:\/\/ricardobotelho.com.br\/wp-content\/uploads\/2017\/10\/bt-solicitar.png\" alt=\"\" width=\"460\" height=\"33\" srcset=\"https:\/\/ricardobotelho.com.br\/wp-content\/uploads\/2017\/10\/bt-solicitar.png 460w, https:\/\/ricardobotelho.com.br\/wp-content\/uploads\/2017\/10\/bt-solicitar-300x22.png 300w\" sizes=\"(max-width: 460px) 100vw, 460px\" \/><\/a>\t\t\t\t\t\t<\/div>\n\t\t\t\t<\/div>\n\t\t\t\t\t<\/div>\n\t\t<\/div>\n\t\t\t\t\t<\/div>\n\t\t<\/section>\n\t\t\t\t<\/div>\n\t\t","protected":false},"excerpt":{"rendered":"<p>PALESTRAS E SEMIN\u00c1RIOS ARQUITETOS E DESIGNER DE INTERIORES VENDA! PARA ALAVANCAR O SEU NEG\u00d3CIO &nbsp; Manh\u00e3: Prepara\u00e7\u00e3o para a venda O que \u00e9 Pre\u00e7o \u00c2ncora e como mudar a percep\u00e7\u00e3o do Cliente sobre o valor do seu trabalho. Como organizar um Manual de Contrata\u00e7\u00e3o dos Servi\u00e7os de Arquitetura e Design de Interiores para mostrar para [&hellip;]<\/p>\n","protected":false},"author":1,"featured_media":0,"parent":279,"menu_order":0,"comment_status":"closed","ping_status":"closed","template":"","meta":{"footnotes":""},"_links":{"self":[{"href":"https:\/\/ricardobotelho.com.br\/index.php?rest_route=\/wp\/v2\/pages\/317"}],"collection":[{"href":"https:\/\/ricardobotelho.com.br\/index.php?rest_route=\/wp\/v2\/pages"}],"about":[{"href":"https:\/\/ricardobotelho.com.br\/index.php?rest_route=\/wp\/v2\/types\/page"}],"author":[{"embeddable":true,"href":"https:\/\/ricardobotelho.com.br\/index.php?rest_route=\/wp\/v2\/users\/1"}],"replies":[{"embeddable":true,"href":"https:\/\/ricardobotelho.com.br\/index.php?rest_route=%2Fwp%2Fv2%2Fcomments&post=317"}],"version-history":[{"count":3,"href":"https:\/\/ricardobotelho.com.br\/index.php?rest_route=\/wp\/v2\/pages\/317\/revisions"}],"predecessor-version":[{"id":509,"href":"https:\/\/ricardobotelho.com.br\/index.php?rest_route=\/wp\/v2\/pages\/317\/revisions\/509"}],"up":[{"embeddable":true,"href":"https:\/\/ricardobotelho.com.br\/index.php?rest_route=\/wp\/v2\/pages\/279"}],"wp:attachment":[{"href":"https:\/\/ricardobotelho.com.br\/index.php?rest_route=%2Fwp%2Fv2%2Fmedia&parent=317"}],"curies":[{"name":"wp","href":"https:\/\/api.w.org\/{rel}","templated":true}]}}